{"id":13,"date":"2015-11-24T12:29:48","date_gmt":"2015-11-24T11:29:48","guid":{"rendered":"http:\/\/blog.carolinedelesalle.com\/?page_id=13"},"modified":"2021-07-28T15:09:13","modified_gmt":"2021-07-28T14:09:13","slug":"contact","status":"publish","type":"page","link":"https:\/\/www.carolinedelesalle.com\/blog\/contact\/","title":{"rendered":"Contact"},"content":{"rendered":"<p>Vous souhaitez <span>me parler de votre projet<\/span>, prendre un caf\u00e9 (ou une bi\u00e8re), ou simplement me dire bonjour ?<\/p>\n<p>Je vous r\u00e9pondrai dans les plus brefs d\u00e9lais,<br \/>\nA bient\u00f4t.<\/p>\n<p>Caroline Delesalle<br \/>\n<!--\n\n\n<div class=\"mtopbottom-32\"><a href=\"tel:0613107170\">06 13 10 71 70<\/a>\n<a href=\"mailto:hello@carolinedelesalle.com\">hello@carolinedelesalle.com<\/a><\/div>\n\n\n<a class=\"mr-10\" href=\"fr.linkedin.com\/in\/carolinedelesalle\"><img loading=\"lazy\" title=\"Mon CV sur LinkedIn\" src=\"..\/wp-content\/uploads\/2015\/11\/p-linkedin.gif\" alt=\"Linkedin\" width=\"50\" height=\"50\"><\/a><a class=\"mr-10\" href=\"https:\/\/www.behance.net\/almostdesigner\"><img loading=\"lazy\" title=\"Mes projets sur Behance\" src=\"..\/wp-content\/uploads\/2015\/11\/p-behance.gif\" alt=\"Behance\" width=\"50\" height=\"50\"><\/a><a class=\"mr-10\" href=\"https:\/\/www.flickr.com\/photos\/96016944@N06\/\"><img loading=\"lazy\" title=\"Mes photos sur Flickr\" src=\"..\/wp-content\/uploads\/2015\/11\/p-flickr.gif\" alt=\"Flickr\" width=\"50\" height=\"50\"><\/a><a class=\"mr-10\" href=\"https:\/\/twitter.com\/almostdesigner\"><img loading=\"lazy\" title=\"Mon fil twitter\" src=\"..\/wp-content\/uploads\/2015\/11\/p-twitter.gif\" alt=\"Twitter\" width=\"50\" height=\"50\"><\/a><a href=\"https:\/\/www.pinterest.com\/almostdesigner\/\"><img loading=\"lazy\" title=\"Ma source d'inspiration sur Pinterest\" src=\"..\/wp-content\/uploads\/2015\/11\/p-pinterest.gif\" alt=\"Pinterest\" width=\"50\" height=\"50\"><\/a>--><\/p>\n<div role=\"form\" class=\"wpcf7\" id=\"wpcf7-f12-o1\" lang=\"fr-FR\" dir=\"ltr\">\n<div class=\"screen-reader-response\"><p role=\"status\" aria-live=\"polite\" aria-atomic=\"true\"><\/p> <ul><\/ul><\/div>\n<form action=\"\/blog\/wp-json\/wp\/v2\/pages\/13#wpcf7-f12-o1\" method=\"post\" class=\"wpcf7-form init\" novalidate=\"novalidate\" data-status=\"init\">\n<div style=\"display: none;\">\n<input type=\"hidden\" name=\"_wpcf7\" value=\"12\" \/>\n<input type=\"hidden\" name=\"_wpcf7_version\" value=\"5.5.6.1\" \/>\n<input type=\"hidden\" name=\"_wpcf7_locale\" value=\"fr_FR\" \/>\n<input type=\"hidden\" name=\"_wpcf7_unit_tag\" value=\"wpcf7-f12-o1\" \/>\n<input type=\"hidden\" name=\"_wpcf7_container_post\" value=\"0\" \/>\n<input type=\"hidden\" name=\"_wpcf7_posted_data_hash\" value=\"\" \/>\n<\/div>\n<p>Votre nom (obligatoire)<br \/>\n    <span class=\"wpcf7-form-control-wrap your-name\"><input type=\"text\" name=\"your-name\" value=\"\" size=\"40\" class=\"wpcf7-form-control wpcf7-text wpcf7-validates-as-required\" aria-required=\"true\" aria-invalid=\"false\" \/><\/span> <\/p>\n<p>Votre email (obligatoire)<br \/>\n    <span class=\"wpcf7-form-control-wrap your-email\"><input type=\"email\" name=\"your-email\" value=\"\" size=\"40\" class=\"wpcf7-form-control wpcf7-text wpcf7-email wpcf7-validates-as-required wpcf7-validates-as-email\" aria-required=\"true\" aria-invalid=\"false\" \/><\/span> <\/p>\n<p>Votre message<br \/>\n    <span class=\"wpcf7-form-control-wrap your-message\"><textarea name=\"your-message\" cols=\"40\" rows=\"10\" class=\"wpcf7-form-control wpcf7-textarea\" aria-invalid=\"false\"><\/textarea><\/span> <\/p>\n<p><input type=\"submit\" value=\"Envoyer\" class=\"wpcf7-form-control has-spinner wpcf7-submit\" \/><\/p>\n<p style=\"display: none !important;\" class=\"akismet-fields-container\" data-prefix=\"_wpcf7_ak_\"><label>&#916;<textarea name=\"_wpcf7_ak_hp_textarea\" cols=\"45\" rows=\"8\" maxlength=\"100\"><\/textarea><\/label><input type=\"hidden\" id=\"ak_js_1\" name=\"_wpcf7_ak_js\" value=\"215\"\/><script>\ndocument.getElementById( \"ak_js_1\" ).setAttribute( \"value\", ( new Date() ).getTime() );\n<\/script>\n<\/p><div class=\"wpcf7-response-output\" aria-hidden=\"true\"><\/div><\/form><\/div>\n","protected":false},"excerpt":{"rendered":"<p>Vous souhaitez me parler de votre projet, prendre un caf\u00e9 (ou une bi\u00e8re), ou simplement me dire bonjour ? Je vous r\u00e9pondrai dans les plus brefs d\u00e9lais, A bient\u00f4t. Caroline Delesalle<\/p>\n","protected":false},"author":1,"featured_media":0,"parent":0,"menu_order":0,"comment_status":"closed","ping_status":"closed","template":"","meta":{"spay_email":""},"yoast_head":"<!-- This site is optimized with the Yoast SEO plugin v16.8 - https:\/\/yoast.com\/wordpress\/plugins\/seo\/ -->\n<title>Contact | Caroline Delesalle, webdesigner freelance, Lille<\/title>\n<meta name=\"description\" content=\"Vous souhaitez me parler de votre projet, prendre un caf\u00e9, ou simplement me dire bonjour ? Je vous r\u00e9pondrai dans les plus brefs d\u00e9lais, \u00e0 bient\u00f4t !\" \/>\n<meta name=\"robots\" content=\"index, follow, max-snippet:-1, max-image-preview:large, max-video-preview:-1\" \/>\n<link rel=\"canonical\" href=\"https:\/\/www.carolinedelesalle.com\/blog\/contact\/\" \/>\n<meta property=\"og:locale\" content=\"fr_FR\" \/>\n<meta property=\"og:type\" content=\"article\" \/>\n<meta property=\"og:title\" content=\"Contact | Caroline Delesalle, webdesigner freelance, Lille\" \/>\n<meta property=\"og:description\" content=\"Vous souhaitez me parler de votre projet, prendre un caf\u00e9, ou simplement me dire bonjour ? Je vous r\u00e9pondrai dans les plus brefs d\u00e9lais, \u00e0 bient\u00f4t !\" \/>\n<meta property=\"og:url\" content=\"https:\/\/www.carolinedelesalle.com\/blog\/contact\/\" \/>\n<meta property=\"og:site_name\" content=\"Caroline Delesalle\" \/>\n<meta property=\"article:modified_time\" content=\"2021-07-28T14:09:13+00:00\" \/>\n<meta property=\"og:image\" content=\"http:\/\/..\/wp-content\/uploads\/2015\/11\/p-linkedin.gif\" \/>\n<meta name=\"twitter:card\" content=\"summary\" \/>\n<meta name=\"twitter:site\" content=\"@almostdesigner\" \/>\n<meta name=\"twitter:label1\" content=\"Dur\u00e9e de lecture est.\" \/>\n\t<meta name=\"twitter:data1\" content=\"2 minutes\" \/>\n<script type=\"application\/ld+json\" class=\"yoast-schema-graph\">{\"@context\":\"https:\/\/schema.org\",\"@graph\":[{\"@type\":\"WebSite\",\"@id\":\"https:\/\/www.carolinedelesalle.com\/blog\/#website\",\"url\":\"https:\/\/www.carolinedelesalle.com\/blog\/\",\"name\":\"Caroline Delesalle\",\"description\":\"UI Designer \\u00e0 forte app\\u00e9tence pour l&#039;UX\",\"potentialAction\":[{\"@type\":\"SearchAction\",\"target\":{\"@type\":\"EntryPoint\",\"urlTemplate\":\"https:\/\/www.carolinedelesalle.com\/blog\/?s={search_term_string}\"},\"query-input\":\"required name=search_term_string\"}],\"inLanguage\":\"fr-FR\"},{\"@type\":\"ImageObject\",\"@id\":\"https:\/\/www.carolinedelesalle.com\/blog\/contact\/#primaryimage\",\"inLanguage\":\"fr-FR\",\"url\":\"..\/wp-content\/uploads\/2015\/11\/p-linkedin.gif\",\"contentUrl\":\"..\/wp-content\/uploads\/2015\/11\/p-linkedin.gif\"},{\"@type\":\"WebPage\",\"@id\":\"https:\/\/www.carolinedelesalle.com\/blog\/contact\/#webpage\",\"url\":\"https:\/\/www.carolinedelesalle.com\/blog\/contact\/\",\"name\":\"Contact | Caroline Delesalle, webdesigner freelance, Lille\",\"isPartOf\":{\"@id\":\"https:\/\/www.carolinedelesalle.com\/blog\/#website\"},\"primaryImageOfPage\":{\"@id\":\"https:\/\/www.carolinedelesalle.com\/blog\/contact\/#primaryimage\"},\"datePublished\":\"2015-11-24T11:29:48+00:00\",\"dateModified\":\"2021-07-28T14:09:13+00:00\",\"description\":\"Vous souhaitez me parler de votre projet, prendre un caf\\u00e9, ou simplement me dire bonjour ? Je vous r\\u00e9pondrai dans les plus brefs d\\u00e9lais, \\u00e0 bient\\u00f4t !\",\"breadcrumb\":{\"@id\":\"https:\/\/www.carolinedelesalle.com\/blog\/contact\/#breadcrumb\"},\"inLanguage\":\"fr-FR\",\"potentialAction\":[{\"@type\":\"ReadAction\",\"target\":[\"https:\/\/www.carolinedelesalle.com\/blog\/contact\/\"]}]},{\"@type\":\"BreadcrumbList\",\"@id\":\"https:\/\/www.carolinedelesalle.com\/blog\/contact\/#breadcrumb\",\"itemListElement\":[{\"@type\":\"ListItem\",\"position\":1,\"name\":\"Accueil\",\"item\":\"https:\/\/www.carolinedelesalle.com\/blog\/\"},{\"@type\":\"ListItem\",\"position\":2,\"name\":\"Contact\"}]}]}<\/script>\n<!-- \/ Yoast SEO plugin. -->","yoast_head_json":{"title":"Contact | Caroline Delesalle, webdesigner freelance, Lille","description":"Vous souhaitez me parler de votre projet, prendre un caf\u00e9, ou simplement me dire bonjour ? Je vous r\u00e9pondrai dans les plus brefs d\u00e9lais, \u00e0 bient\u00f4t !","robots":{"index":"index","follow":"follow","max-snippet":"max-snippet:-1","max-image-preview":"max-image-preview:large","max-video-preview":"max-video-preview:-1"},"canonical":"https:\/\/www.carolinedelesalle.com\/blog\/contact\/","og_locale":"fr_FR","og_type":"article","og_title":"Contact | Caroline Delesalle, webdesigner freelance, Lille","og_description":"Vous souhaitez me parler de votre projet, prendre un caf\u00e9, ou simplement me dire bonjour ? Je vous r\u00e9pondrai dans les plus brefs d\u00e9lais, \u00e0 bient\u00f4t !","og_url":"https:\/\/www.carolinedelesalle.com\/blog\/contact\/","og_site_name":"Caroline Delesalle","article_modified_time":"2021-07-28T14:09:13+00:00","og_image":[{"url":"..\/wp-content\/uploads\/2015\/11\/p-linkedin.gif"}],"twitter_card":"summary","twitter_site":"@almostdesigner","twitter_misc":{"Dur\u00e9e de lecture est.":"2 minutes"},"schema":{"@context":"https:\/\/schema.org","@graph":[{"@type":"WebSite","@id":"https:\/\/www.carolinedelesalle.com\/blog\/#website","url":"https:\/\/www.carolinedelesalle.com\/blog\/","name":"Caroline Delesalle","description":"UI Designer \u00e0 forte app\u00e9tence pour l&#039;UX","potentialAction":[{"@type":"SearchAction","target":{"@type":"EntryPoint","urlTemplate":"https:\/\/www.carolinedelesalle.com\/blog\/?s={search_term_string}"},"query-input":"required name=search_term_string"}],"inLanguage":"fr-FR"},{"@type":"ImageObject","@id":"https:\/\/www.carolinedelesalle.com\/blog\/contact\/#primaryimage","inLanguage":"fr-FR","url":"..\/wp-content\/uploads\/2015\/11\/p-linkedin.gif","contentUrl":"..\/wp-content\/uploads\/2015\/11\/p-linkedin.gif"},{"@type":"WebPage","@id":"https:\/\/www.carolinedelesalle.com\/blog\/contact\/#webpage","url":"https:\/\/www.carolinedelesalle.com\/blog\/contact\/","name":"Contact | Caroline Delesalle, webdesigner freelance, Lille","isPartOf":{"@id":"https:\/\/www.carolinedelesalle.com\/blog\/#website"},"primaryImageOfPage":{"@id":"https:\/\/www.carolinedelesalle.com\/blog\/contact\/#primaryimage"},"datePublished":"2015-11-24T11:29:48+00:00","dateModified":"2021-07-28T14:09:13+00:00","description":"Vous souhaitez me parler de votre projet, prendre un caf\u00e9, ou simplement me dire bonjour ? Je vous r\u00e9pondrai dans les plus brefs d\u00e9lais, \u00e0 bient\u00f4t !","breadcrumb":{"@id":"https:\/\/www.carolinedelesalle.com\/blog\/contact\/#breadcrumb"},"inLanguage":"fr-FR","potentialAction":[{"@type":"ReadAction","target":["https:\/\/www.carolinedelesalle.com\/blog\/contact\/"]}]},{"@type":"BreadcrumbList","@id":"https:\/\/www.carolinedelesalle.com\/blog\/contact\/#breadcrumb","itemListElement":[{"@type":"ListItem","position":1,"name":"Accueil","item":"https:\/\/www.carolinedelesalle.com\/blog\/"},{"@type":"ListItem","position":2,"name":"Contact"}]}]}},"jetpack_sharing_enabled":true,"jetpack_shortlink":"https:\/\/wp.me\/P6YS2T-d","jetpack-related-posts":[],"_links":{"self":[{"href":"https:\/\/www.carolinedelesalle.com\/blog\/wp-json\/wp\/v2\/pages\/13"}],"collection":[{"href":"https:\/\/www.carolinedelesalle.com\/blog\/wp-json\/wp\/v2\/pages"}],"about":[{"href":"https:\/\/www.carolinedelesalle.com\/blog\/wp-json\/wp\/v2\/types\/page"}],"author":[{"embeddable":true,"href":"https:\/\/www.carolinedelesalle.com\/blog\/wp-json\/wp\/v2\/users\/1"}],"replies":[{"embeddable":true,"href":"https:\/\/www.carolinedelesalle.com\/blog\/wp-json\/wp\/v2\/comments?post=13"}],"version-history":[{"count":7,"href":"https:\/\/www.carolinedelesalle.com\/blog\/wp-json\/wp\/v2\/pages\/13\/revisions"}],"predecessor-version":[{"id":607,"href":"https:\/\/www.carolinedelesalle.com\/blog\/wp-json\/wp\/v2\/pages\/13\/revisions\/607"}],"wp:attachment":[{"href":"https:\/\/www.carolinedelesalle.com\/blog\/wp-json\/wp\/v2\/media?parent=13"}],"curies":[{"name":"wp","href":"https:\/\/api.w.org\/{rel}","templated":true}]}}